{"id":789,"date":"2020-02-03T15:45:14","date_gmt":"2020-02-03T14:45:14","guid":{"rendered":"https:\/\/marcusdiatv.com\/?page_id=789"},"modified":"2025-12-30T22:41:16","modified_gmt":"2025-12-30T21:41:16","slug":"qui-sommes-nous","status":"publish","type":"page","link":"https:\/\/marcusdiatv.com\/?page_id=789","title":{"rendered":"QUI SOMMES-NOUS ?"},"content":{"rendered":"<p style=\"text-align: left;\">\n<p>Nous sommes un m\u00e9dia ind\u00e9pendant n\u00e9 d\u2019une volont\u00e9 simple : raconter le r\u00e9el sans filtre ni formatage.<\/p>\n<p>Nous couvrons l\u2019actualit\u00e9 urbaine sous toutes ses formes \u2014 rap, culture, sport, faits de soci\u00e9t\u00e9 et ph\u00e9nom\u00e8nes m\u00e9diatiques \u2014 avec une approche qui va au-del\u00e0 des gros titres. Ici, on ne se contente pas de relayer l\u2019info : on l\u2019analyse, on la d\u00e9crypte et on la remet en contexte.<\/p>\n<p>Notre plateforme se distingue par son regard libre et critique, loin des narratifs impos\u00e9s. Chaque sujet est trait\u00e9 avec exigence, nuance et honn\u00eatet\u00e9, qu\u2019il s\u2019agisse d\u2019un clash dans le rap, d\u2019un \u00e9v\u00e9nement sportif, d\u2019un d\u00e9bat de soci\u00e9t\u00e9 ou d\u2019une affaire qui fait vibrer l\u2019opinion publique.<\/p>\n<p>Nous sommes \u00e9galement la plateforme officielle de diffusion des vid\u00e9os d\u2019analyses de Marcus Dia. \u00c0 travers ses contenus, il propose un d\u00e9cryptage approfondi des enjeux m\u00e9diatiques, culturels et sociaux qui traversent notre \u00e9poque. Ses analyses viennent compl\u00e9ter notre ligne \u00e9ditoriale : aller plus loin que l\u2019actualit\u00e9, pour en comprendre les m\u00e9canismes et les impacts r\u00e9els.<\/p>\n<p>Notre ambition est claire :<br \/>\ninformer, questionner et \u00e9veiller l\u2019esprit critique, dans un paysage m\u00e9diatique trop souvent domin\u00e9 par le sensationnel et la superficialit\u00e9.<\/p>\n<p>Ici, la culture urbaine est prise au s\u00e9rieux.<br \/>\nIci, les sujets sensibles ne sont pas \u00e9vit\u00e9s.<br \/>\nIci, l\u2019analyse prime sur le buzz.<\/p>\n<p>Bienvenue dans un m\u00e9dia qui ne demande pas la permission pour dire ce qu\u2019il voit.<\/p>\n","protected":false},"excerpt":{"rendered":"<p>Nous sommes un m\u00e9dia ind\u00e9pendant n\u00e9 d\u2019une volont\u00e9 simple : raconter le r\u00e9el sans filtre ni formatage. Nous couvrons l\u2019actualit\u00e9 urbaine sous toutes ses formes \u2014 rap, culture, sport, faits de soci\u00e9t\u00e9 et ph\u00e9nom\u00e8nes m\u00e9diatiques \u2014 avec une approche qui va au-del\u00e0 des gros titres. Ici, on ne se contente pas de relayer l\u2019info : &hellip;<\/p>\n","protected":false},"author":1,"featured_media":0,"parent":0,"menu_order":0,"comment_status":"closed","ping_status":"closed","template":"","meta":{"_uag_custom_page_level_css":"","footnotes":""},"class_list":["post-789","page","type-page","status-publish",""],"uagb_featured_image_src":{"full":false,"thumbnail":false,"medium":false,"medium_large":false,"large":false,"1536x1536":false,"2048x2048":false,"tie-small":false,"tie-medium":false,"tie-large":false,"slider":false,"big-slider":false},"uagb_author_info":{"display_name":"","author_link":"https:\/\/marcusdiatv.com\/author"},"uagb_comment_info":0,"uagb_excerpt":"Nous sommes un m\u00e9dia ind\u00e9pendant n\u00e9 d\u2019une volont\u00e9 simple : raconter le r\u00e9el sans filtre ni formatage. Nous couvrons l\u2019actualit\u00e9 urbaine sous toutes ses formes \u2014 rap, culture, sport, faits de soci\u00e9t\u00e9 et ph\u00e9nom\u00e8nes m\u00e9diatiques \u2014 avec une approche qui va au-del\u00e0 des gros titres. Ici, on ne se contente pas de relayer l\u2019info :\u2026","_links":{"self":[{"href":"https:\/\/marcusdiatv.com\/index.php?rest_route=\/wp\/v2\/pages\/789","targetHints":{"allow":["GET"]}}],"collection":[{"href":"https:\/\/marcusdiatv.com\/index.php?rest_route=\/wp\/v2\/pages"}],"about":[{"href":"https:\/\/marcusdiatv.com\/index.php?rest_route=\/wp\/v2\/types\/page"}],"author":[{"embeddable":true,"href":"https:\/\/marcusdiatv.com\/index.php?rest_route=\/wp\/v2\/users\/1"}],"replies":[{"embeddable":true,"href":"https:\/\/marcusdiatv.com\/index.php?rest_route=%2Fwp%2Fv2%2Fcomments&post=789"}],"version-history":[{"count":1,"href":"https:\/\/marcusdiatv.com\/index.php?rest_route=\/wp\/v2\/pages\/789\/revisions"}],"predecessor-version":[{"id":1420,"href":"https:\/\/marcusdiatv.com\/index.php?rest_route=\/wp\/v2\/pages\/789\/revisions\/1420"}],"wp:attachment":[{"href":"https:\/\/marcusdiatv.com\/index.php?rest_route=%2Fwp%2Fv2%2Fmedia&parent=789"}],"curies":[{"name":"wp","href":"https:\/\/api.w.org\/{rel}","templated":true}]}}