{"id":711,"date":"2020-01-30T11:20:07","date_gmt":"2020-01-30T10:20:07","guid":{"rendered":"https:\/\/marcusdiatv.com\/?page_id=711"},"modified":"2025-12-30T23:18:59","modified_gmt":"2025-12-30T22:18:59","slug":"mentions-legales","status":"publish","type":"page","link":"https:\/\/marcusdiatv.com\/?page_id=711","title":{"rendered":"MENTIONS LEGALES"},"content":{"rendered":"\n<p>Le pr\u00e9sent site est \u00e9dit\u00e9 \u00e0 titre ind\u00e9pendant.<\/p>\n\n\n\n<p>Responsable de la publication : Marcus Dia<br>Contact : marcusdiatv@gmail.com<\/p>\n\n\n\n<p>Tous les contenus, visuels, textes, \u00e9l\u00e9ments graphiques et cr\u00e9ations pr\u00e9sent\u00e9s sur ce site sont prot\u00e9g\u00e9s par les droits de propri\u00e9t\u00e9 intellectuelle. Ils constituent l\u2019identit\u00e9 et l\u2019univers de la marque. Toute reproduction, utilisation ou diffusion, sous quelque forme que ce soit, sans autorisation \u00e9crite pr\u00e9alable, est strictement interdite.<\/p>\n\n\n\n<p>Les informations diffus\u00e9es le sont \u00e0 titre \u00e9ditorial et indicatif. L\u2019\u00e9diteur se r\u00e9serve le droit d\u2019en modifier le contenu \u00e0 tout moment, sans pr\u00e9avis.<\/p>\n\n\n\n<p>Les donn\u00e9es \u00e9ventuellement communiqu\u00e9es sont trait\u00e9es de mani\u00e8re confidentielle et utilis\u00e9es exclusivement dans le cadre des \u00e9changes avec l\u2019\u00e9diteur. Aucune donn\u00e9e n\u2019est partag\u00e9e, c\u00e9d\u00e9e ou exploit\u00e9e \u00e0 des fins commerciales.<\/p>\n","protected":false},"excerpt":{"rendered":"<p>Le pr\u00e9sent site est \u00e9dit\u00e9 \u00e0 titre ind\u00e9pendant. Responsable de la publication : Marcus DiaContact : marcusdiatv@gmail.com Tous les contenus, visuels, textes, \u00e9l\u00e9ments graphiques et cr\u00e9ations pr\u00e9sent\u00e9s sur ce site sont prot\u00e9g\u00e9s par les droits de propri\u00e9t\u00e9 intellectuelle. Ils constituent l\u2019identit\u00e9 et l\u2019univers de la marque. Toute reproduction, utilisation ou diffusion, sous quelque forme que &hellip;<\/p>\n","protected":false},"author":1,"featured_media":0,"parent":0,"menu_order":0,"comment_status":"closed","ping_status":"closed","template":"","meta":{"_uag_custom_page_level_css":"","footnotes":""},"class_list":["post-711","page","type-page","status-publish",""],"uagb_featured_image_src":{"full":false,"thumbnail":false,"medium":false,"medium_large":false,"large":false,"1536x1536":false,"2048x2048":false,"tie-small":false,"tie-medium":false,"tie-large":false,"slider":false,"big-slider":false},"uagb_author_info":{"display_name":"","author_link":"https:\/\/marcusdiatv.com\/author"},"uagb_comment_info":0,"uagb_excerpt":"Le pr\u00e9sent site est \u00e9dit\u00e9 \u00e0 titre ind\u00e9pendant. Responsable de la publication : Marcus DiaContact : marcusdiatv@gmail.com Tous les contenus, visuels, textes, \u00e9l\u00e9ments graphiques et cr\u00e9ations pr\u00e9sent\u00e9s sur ce site sont prot\u00e9g\u00e9s par les droits de propri\u00e9t\u00e9 intellectuelle. Ils constituent l\u2019identit\u00e9 et l\u2019univers de la marque. Toute reproduction, utilisation ou diffusion, sous quelque forme que\u2026","_links":{"self":[{"href":"https:\/\/marcusdiatv.com\/index.php?rest_route=\/wp\/v2\/pages\/711","targetHints":{"allow":["GET"]}}],"collection":[{"href":"https:\/\/marcusdiatv.com\/index.php?rest_route=\/wp\/v2\/pages"}],"about":[{"href":"https:\/\/marcusdiatv.com\/index.php?rest_route=\/wp\/v2\/types\/page"}],"author":[{"embeddable":true,"href":"https:\/\/marcusdiatv.com\/index.php?rest_route=\/wp\/v2\/users\/1"}],"replies":[{"embeddable":true,"href":"https:\/\/marcusdiatv.com\/index.php?rest_route=%2Fwp%2Fv2%2Fcomments&post=711"}],"version-history":[{"count":2,"href":"https:\/\/marcusdiatv.com\/index.php?rest_route=\/wp\/v2\/pages\/711\/revisions"}],"predecessor-version":[{"id":1430,"href":"https:\/\/marcusdiatv.com\/index.php?rest_route=\/wp\/v2\/pages\/711\/revisions\/1430"}],"wp:attachment":[{"href":"https:\/\/marcusdiatv.com\/index.php?rest_route=%2Fwp%2Fv2%2Fmedia&parent=711"}],"curies":[{"name":"wp","href":"https:\/\/api.w.org\/{rel}","templated":true}]}}