{"id":709,"date":"2020-01-30T11:19:48","date_gmt":"2020-01-30T10:19:48","guid":{"rendered":"https:\/\/marcusdiatv.com\/?page_id=709"},"modified":"2025-12-30T23:14:16","modified_gmt":"2025-12-30T22:14:16","slug":"publicite","status":"publish","type":"page","link":"https:\/\/marcusdiatv.com\/?page_id=709","title":{"rendered":"PUBLICITE"},"content":{"rendered":"<p>Nous s\u00e9lectionnons nos partenaires avec la m\u00eame exigence que nous portons \u00e0 notre marque.<\/p>\n<p>Si vous souhaitez diffuser une publicit\u00e9, proposer une collaboration ou associer votre image \u00e0 notre univers, nous vous invitons \u00e0 nous contacter directement. Chaque demande est \u00e9tudi\u00e9e avec attention afin de garantir une coh\u00e9rence \u00e9ditoriale, esth\u00e9tique et qualitative avec notre plateforme.<\/p>\n<p>\ud83d\udce9 marcusdiatv@gmail.com<\/p>\n<p>Nous privil\u00e9gions des partenariats durables, raffin\u00e9s et porteurs de valeur, au-del\u00e0 d\u2019une simple visibilit\u00e9. Notre objectif est de cr\u00e9er des collaborations qui ont du sens, pour votre marque comme pour notre audience.<\/p>\n<p>Nous serons ravis d\u2019\u00e9tudier votre proposition.<\/p>\n","protected":false},"excerpt":{"rendered":"<p>Nous s\u00e9lectionnons nos partenaires avec la m\u00eame exigence que nous portons \u00e0 notre marque. Si vous souhaitez diffuser une publicit\u00e9, proposer une collaboration ou associer votre image \u00e0 notre univers, nous vous invitons \u00e0 nous contacter directement. Chaque demande est \u00e9tudi\u00e9e avec attention afin de garantir une coh\u00e9rence \u00e9ditoriale, esth\u00e9tique et qualitative avec notre plateforme. &hellip;<\/p>\n","protected":false},"author":1,"featured_media":0,"parent":0,"menu_order":0,"comment_status":"closed","ping_status":"closed","template":"","meta":{"_uag_custom_page_level_css":"","footnotes":""},"class_list":["post-709","page","type-page","status-publish",""],"uagb_featured_image_src":{"full":false,"thumbnail":false,"medium":false,"medium_large":false,"large":false,"1536x1536":false,"2048x2048":false,"tie-small":false,"tie-medium":false,"tie-large":false,"slider":false,"big-slider":false},"uagb_author_info":{"display_name":"","author_link":"https:\/\/marcusdiatv.com\/author"},"uagb_comment_info":0,"uagb_excerpt":"Nous s\u00e9lectionnons nos partenaires avec la m\u00eame exigence que nous portons \u00e0 notre marque. Si vous souhaitez diffuser une publicit\u00e9, proposer une collaboration ou associer votre image \u00e0 notre univers, nous vous invitons \u00e0 nous contacter directement. Chaque demande est \u00e9tudi\u00e9e avec attention afin de garantir une coh\u00e9rence \u00e9ditoriale, esth\u00e9tique et qualitative avec notre plateforme.\u2026","_links":{"self":[{"href":"https:\/\/marcusdiatv.com\/index.php?rest_route=\/wp\/v2\/pages\/709","targetHints":{"allow":["GET"]}}],"collection":[{"href":"https:\/\/marcusdiatv.com\/index.php?rest_route=\/wp\/v2\/pages"}],"about":[{"href":"https:\/\/marcusdiatv.com\/index.php?rest_route=\/wp\/v2\/types\/page"}],"author":[{"embeddable":true,"href":"https:\/\/marcusdiatv.com\/index.php?rest_route=\/wp\/v2\/users\/1"}],"replies":[{"embeddable":true,"href":"https:\/\/marcusdiatv.com\/index.php?rest_route=%2Fwp%2Fv2%2Fcomments&post=709"}],"version-history":[{"count":1,"href":"https:\/\/marcusdiatv.com\/index.php?rest_route=\/wp\/v2\/pages\/709\/revisions"}],"predecessor-version":[{"id":1425,"href":"https:\/\/marcusdiatv.com\/index.php?rest_route=\/wp\/v2\/pages\/709\/revisions\/1425"}],"wp:attachment":[{"href":"https:\/\/marcusdiatv.com\/index.php?rest_route=%2Fwp%2Fv2%2Fmedia&parent=709"}],"curies":[{"name":"wp","href":"https:\/\/api.w.org\/{rel}","templated":true}]}}