{"id":707,"date":"2020-01-30T11:19:14","date_gmt":"2020-01-30T10:19:14","guid":{"rendered":"https:\/\/marcusdiatv.com\/?page_id=707"},"modified":"2025-12-30T23:16:49","modified_gmt":"2025-12-30T22:16:49","slug":"nous-contacter","status":"publish","type":"page","link":"https:\/\/marcusdiatv.com\/?page_id=707","title":{"rendered":"NOUS CONTACTER"},"content":{"rendered":"<h4><\/h4>\n<p>Chaque projet commence par un \u00e9change.<\/p>\n<p>Pour toute demande, collaboration ou information, nous vous invitons \u00e0 nous \u00e9crire directement. Votre message sera trait\u00e9 avec la plus grande attention par notre \u00e9quipe, dans le respect de la confidentialit\u00e9 et de l\u2019exigence que nous accordons \u00e0 chaque relation.<\/p>\n<p>\ud83d\udce9 marcusdiatv@gmail.com<\/p>\n<p>Nous privil\u00e9gions une communication soign\u00e9e, claire et personnalis\u00e9e, afin de comprendre pr\u00e9cis\u00e9ment vos attentes et vous proposer une r\u00e9ponse \u00e0 la hauteur de vos ambitions.<\/p>\n<p>Nous avons h\u00e2te de d\u00e9couvrir votre projet.<\/p>\n","protected":false},"excerpt":{"rendered":"<p>Chaque projet commence par un \u00e9change. Pour toute demande, collaboration ou information, nous vous invitons \u00e0 nous \u00e9crire directement. Votre message sera trait\u00e9 avec la plus grande attention par notre \u00e9quipe, dans le respect de la confidentialit\u00e9 et de l\u2019exigence que nous accordons \u00e0 chaque relation. \ud83d\udce9 marcusdiatv@gmail.com Nous privil\u00e9gions une communication soign\u00e9e, claire et &hellip;<\/p>\n","protected":false},"author":1,"featured_media":0,"parent":0,"menu_order":0,"comment_status":"closed","ping_status":"closed","template":"","meta":{"_uag_custom_page_level_css":"","footnotes":""},"class_list":["post-707","page","type-page","status-publish",""],"uagb_featured_image_src":{"full":false,"thumbnail":false,"medium":false,"medium_large":false,"large":false,"1536x1536":false,"2048x2048":false,"tie-small":false,"tie-medium":false,"tie-large":false,"slider":false,"big-slider":false},"uagb_author_info":{"display_name":"","author_link":"https:\/\/marcusdiatv.com\/author"},"uagb_comment_info":0,"uagb_excerpt":"Chaque projet commence par un \u00e9change. Pour toute demande, collaboration ou information, nous vous invitons \u00e0 nous \u00e9crire directement. Votre message sera trait\u00e9 avec la plus grande attention par notre \u00e9quipe, dans le respect de la confidentialit\u00e9 et de l\u2019exigence que nous accordons \u00e0 chaque relation. \ud83d\udce9 marcusdiatv@gmail.com Nous privil\u00e9gions une communication soign\u00e9e, claire et\u2026","_links":{"self":[{"href":"https:\/\/marcusdiatv.com\/index.php?rest_route=\/wp\/v2\/pages\/707","targetHints":{"allow":["GET"]}}],"collection":[{"href":"https:\/\/marcusdiatv.com\/index.php?rest_route=\/wp\/v2\/pages"}],"about":[{"href":"https:\/\/marcusdiatv.com\/index.php?rest_route=\/wp\/v2\/types\/page"}],"author":[{"embeddable":true,"href":"https:\/\/marcusdiatv.com\/index.php?rest_route=\/wp\/v2\/users\/1"}],"replies":[{"embeddable":true,"href":"https:\/\/marcusdiatv.com\/index.php?rest_route=%2Fwp%2Fv2%2Fcomments&post=707"}],"version-history":[{"count":1,"href":"https:\/\/marcusdiatv.com\/index.php?rest_route=\/wp\/v2\/pages\/707\/revisions"}],"predecessor-version":[{"id":1427,"href":"https:\/\/marcusdiatv.com\/index.php?rest_route=\/wp\/v2\/pages\/707\/revisions\/1427"}],"wp:attachment":[{"href":"https:\/\/marcusdiatv.com\/index.php?rest_route=%2Fwp%2Fv2%2Fmedia&parent=707"}],"curies":[{"name":"wp","href":"https:\/\/api.w.org\/{rel}","templated":true}]}}